{"id":10173,"date":"2023-08-03T13:14:35","date_gmt":"2023-08-03T11:14:35","guid":{"rendered":"https:\/\/www.mcfcorpfin.com\/?page_id=10173"},"modified":"2025-01-24T13:48:22","modified_gmt":"2025-01-24T12:48:22","slug":"services","status":"publish","type":"page","link":"https:\/\/www.mcfcorpfin.com\/de\/services\/","title":{"rendered":"Services"},"content":{"rendered":"<div>Services<\/div>\n<h1>Corporate Finance<\/h1>\n<div>\n<p>MCF ist auf die Beratung von mittelst\u00e4ndischen sowie l\u00e4nder\u00fcbergreifenden <a href=\"https:\/\/www.mcfcorpfin.com\/de\/ma-beratung\/\" class=\"uk-text-nowrap\">M&amp;A<\/a> und <a href=\"https:\/\/www.mcfcorpfin.com\/de\/debt-advisory\/\" class=\"uk-text-nowrap\">Debt Transaktionen<\/a> spezialisiert. Zu unseren Kunden z\u00e4hlen Unternehmer, Private-Equity-Investoren, Konzerne und Familienunternehmen. Durch unsere umfangreiche Sektorexpertise erzielen wir langfristige Ergebnisse f\u00fcr unsere Kunden, die einen nachhaltigen Mehrwert schaffen.<\/p>\n<\/div>\n<ul>\n<li>\n<p><img decoding=\"async\" src=\"\/wp-content\/uploads\/meeting_59_ALW_small.jpg\" alt=\"\"><\/p>\n<\/li>\n<li>\n<p><img decoding=\"async\" src=\"\/wp-content\/uploads\/Jana_hochformat_1-scaled.jpg\" alt=\"Debt Advisory\"><\/p>\n<div>Debt Advisory<\/div>\n<p><a href=\"https:\/\/www.mcfcorpfin.com\/de\/debt-advisory\/\"><\/a><\/p>\n<\/li>\n<\/ul>\n<p><!--more--><br \/>\n<!-- {\"type\":\"layout\",\"children\":[{\"name\":\"Corporate Finance\",\"type\":\"section\",\"props\":{\"animation\":\"fade\",\"animation_delay\":false,\"class\":\"cstm-hero-remove-padding\",\"header_transparent_noplaceholder\":false,\"id\":\"corporate-finance\",\"image_position\":\"center-center\",\"padding_remove_bottom\":false,\"padding_remove_top\":false,\"style\":\"default\",\"title_breakpoint\":\"xl\",\"title_position\":\"top-left\",\"title_rotation\":\"left\",\"vertical_align\":\"\",\"width\":\"large\"},\"children\":[{\"type\":\"row\",\"props\":{\"column_gap\":\"large\",\"divider\":false,\"margin\":\"large\",\"margin_remove_bottom\":false,\"row_gap\":\"large\",\"vertical_align\":true},\"children\":[{\"type\":\"column\",\"props\":{\"css\":\".uk-card-default {\\n    \\n    border: none;\\n}\",\"image_position\":\"center-center\",\"padding\":\"large\",\"position_sticky_breakpoint\":\"m\"},\"children\":[{\"type\":\"headline\",\"props\":{\"block_align\":\"center\",\"content\":\"Services\",\"margin\":\"default\",\"margin_remove_top\":false,\"text_align\":\"center\",\"text_align_fallback\":\"center\",\"title_color\":\"muted\",\"title_element\":\"div\",\"title_style\":\"h5\"}},{\"type\":\"headline\",\"props\":{\"block_align\":\"center\",\"content\":\"Corporate Finance\",\"margin\":\"medium\",\"margin_remove_top\":true,\"text_align\":\"center\",\"text_align_breakpoint\":\"m\",\"text_align_fallback\":\"center\",\"title_element\":\"h1\",\"title_style\":\"heading-small\"}},{\"type\":\"text\",\"props\":{\"block_align\":\"center\",\"column_breakpoint\":\"\",\"content\":\"\n\n<p>MCF ist auf die Beratung von mittelst\\u00e4ndischen sowie l\\u00e4nder\\u00fcbergreifenden <a href=\\\"de\\\/ma-beratung\\\/\\\" class=\\\"uk-text-nowrap\\\">M&amp;A<\\\/a> und <a href=\\\"de\\\/debt-advisory\\\/\\\" class=\\\"uk-text-nowrap\\\">Debt Transaktionen<\\\/a> spezialisiert. Zu unseren Kunden z\\u00e4hlen Unternehmer, Private-Equity-Investoren, Konzerne und Familienunternehmen. Durch unsere umfangreiche Sektorexpertise erzielen wir langfristige Ergebnisse f\\u00fcr unsere Kunden, die einen nachhaltigen Mehrwert schaffen.<\\\/p>\",\"margin\":\"medium\",\"maxwidth\":\"xlarge\",\"maxwidth_breakpoint\":\"s\",\"text_align\":\"center\"}}]}]},{\"type\":\"row\",\"children\":[{\"type\":\"column\",\"props\":{\"image_position\":\"center-center\",\"position_sticky_breakpoint\":\"m\"},\"children\":[{\"type\":\"grid\",\"props\":{\"class\":\"cstm-grid-add-arrow\",\"content_column_breakpoint\":\"m\",\"filter_align\":\"left\",\"filter_all\":true,\"filter_grid_breakpoint\":\"m\",\"filter_grid_width\":\"auto\",\"filter_position\":\"top\",\"filter_style\":\"tab\",\"grid_column_align\":true,\"grid_column_gap\":\"medium\",\"grid_default\":\"1\",\"grid_medium\":\"3\",\"grid_row_gap\":\"medium\",\"grid_small\":\"2\",\"icon_width\":80,\"image_align\":\"top\",\"image_grid_breakpoint\":\"m\",\"image_grid_width\":\"1-2\",\"image_height\":\"800\",\"image_svg_color\":\"emphasis\",\"image_transition\":\"scale-up\",\"image_width\":\"600\",\"item_animation\":true,\"link_style\":\"default\",\"link_text\":\"\",\"margin\":\"default\",\"meta_align\":\"below-title\",\"meta_element\":\"div\",\"meta_style\":\"text-meta\",\"panel_link\":true,\"show_content\":true,\"show_image\":true,\"show_link\":true,\"show_meta\":true,\"show_title\":true,\"title_align\":\"top\",\"title_element\":\"div\",\"title_grid_breakpoint\":\"m\",\"title_grid_width\":\"1-2\",\"title_hover_style\":\"heading\",\"title_link\":true,\"title_style\":\"h4\"},\"children\":[{\"type\":\"grid_item\",\"props\":{\"image\":\"wp-content\\\/uploads\\\/meeting_59_ALW_small.jpg\"},\"source\":{\"query\":{\"name\":\"pages.customPage\",\"arguments\":{\"users\":[],\"users_operator\":\"IN\",\"offset\":0,\"order\":\"date\",\"order_direction\":\"DESC\",\"id\":10166}},\"props\":{\"title\":{\"filters\":{\"search\":\"\"},\"name\":\"title\"},\"link\":{\"filters\":{\"search\":\"\"},\"name\":\"link\"}}}},{\"type\":\"grid_item\",\"props\":{\"image\":\"wp-content\\\/uploads\\\/Jana_hochformat_1-scaled.jpg\",\"image_alt\":\"Debt Advisory\",\"link\":\"de\\\/debt-advisory\\\/\",\"title\":\"Debt Advisory\"}}]}]}],\"props\":{\"margin\":\"remove-vertical\"}}]}],\"version\":\"4.4.19\",\"yooessentialsVersion\":\"2.2.31\"} --><\/p>\n","protected":false},"excerpt":{"rendered":"<p>Services Corporate Finance MCF ist auf die Beratung von mittelst\u00e4ndischen sowie l\u00e4nder\u00fcbergreifenden M&amp;A und Debt Transaktionen spezialisiert. Zu unseren Kunden z\u00e4hlen Unternehmer, Private-Equity-Investoren, Konzerne und Familienunternehmen. Durch unsere umfangreiche Sektorexpertise erzielen wir langfristige Ergebnisse f\u00fcr unsere Kunden, die einen nachhaltigen Mehrwert schaffen. Debt Advisory<\/p>\n","protected":false},"author":1,"featured_media":0,"parent":0,"menu_order":0,"comment_status":"closed","ping_status":"closed","template":"","meta":{"_acf_changed":false,"footnotes":""},"class_list":["post-10173","page","type-page","status-publish","hentry"],"acf":[],"yoast_head":"<!-- This site is optimized with the Yoast SEO Premium plugin v26.9 (Yoast SEO v26.9) - https:\/\/yoast.com\/product\/yoast-seo-premium-wordpress\/ -->\n<title>Services | MCF Corporate Finance<\/title>\n<meta name=\"description\" content=\"Unsere Sektor-Teams pflegen einen regelm\u00e4\u00dfigen Austausch mit wichtigen Entscheidungstr\u00e4gern relevanter europ\u00e4ischer und amerikanischer strategischer K\u00e4ufer\" \/>\n<meta name=\"robots\" content=\"index, follow, max-snippet:-1, max-image-preview:large, max-video-preview:-1\" \/>\n<link rel=\"canonical\" href=\"https:\/\/www.mcfcorpfin.com\/de\/services\/\" \/>\n<meta property=\"og:locale\" content=\"de_DE\" \/>\n<meta property=\"og:type\" content=\"article\" \/>\n<meta property=\"og:title\" content=\"Services\" \/>\n<meta property=\"og:description\" content=\"Unsere Sektor-Teams pflegen einen regelm\u00e4\u00dfigen Austausch mit wichtigen Entscheidungstr\u00e4gern relevanter europ\u00e4ischer und amerikanischer strategischer K\u00e4ufer\" \/>\n<meta property=\"og:url\" content=\"https:\/\/www.mcfcorpfin.com\/de\/services\/\" \/>\n<meta property=\"og:site_name\" content=\"MCF Corporate Finance\" \/>\n<meta property=\"article:modified_time\" content=\"2025-01-24T12:48:22+00:00\" \/>\n<meta name=\"twitter:card\" content=\"summary_large_image\" \/>\n<meta name=\"twitter:label1\" content=\"Gesch\u00e4tzte Lesezeit\" \/>\n\t<meta name=\"twitter:data1\" content=\"1 Minute\" \/>\n<script type=\"application\/ld+json\" class=\"yoast-schema-graph\">{\"@context\":\"https:\/\/schema.org\",\"@graph\":[{\"@type\":\"WebPage\",\"@id\":\"https:\/\/www.mcfcorpfin.com\/de\/services\/\",\"url\":\"https:\/\/www.mcfcorpfin.com\/de\/services\/\",\"name\":\"Services | MCF Corporate Finance\",\"isPartOf\":{\"@id\":\"https:\/\/www.mcfcorpfin.com\/de\/#website\"},\"datePublished\":\"2023-08-03T11:14:35+00:00\",\"dateModified\":\"2025-01-24T12:48:22+00:00\",\"description\":\"Unsere Sektor-Teams pflegen einen regelm\u00e4\u00dfigen Austausch mit wichtigen Entscheidungstr\u00e4gern relevanter europ\u00e4ischer und amerikanischer strategischer K\u00e4ufer\",\"breadcrumb\":{\"@id\":\"https:\/\/www.mcfcorpfin.com\/de\/services\/#breadcrumb\"},\"inLanguage\":\"de-DE\",\"potentialAction\":[{\"@type\":\"ReadAction\",\"target\":[\"https:\/\/www.mcfcorpfin.com\/de\/services\/\"]}]},{\"@type\":\"BreadcrumbList\",\"@id\":\"https:\/\/www.mcfcorpfin.com\/de\/services\/#breadcrumb\",\"itemListElement\":[{\"@type\":\"ListItem\",\"position\":1,\"name\":\"Home\",\"item\":\"https:\/\/www.mcfcorpfin.com\/de\/\"},{\"@type\":\"ListItem\",\"position\":2,\"name\":\"Services\"}]},{\"@type\":\"WebSite\",\"@id\":\"https:\/\/www.mcfcorpfin.com\/de\/#website\",\"url\":\"https:\/\/www.mcfcorpfin.com\/de\/\",\"name\":\"MCF Corporate Finance\",\"description\":\"Strategic M&amp;A and Debt Advisory tailored to your  company\u2019s journey\",\"publisher\":{\"@id\":\"https:\/\/www.mcfcorpfin.com\/de\/#organization\"},\"alternateName\":\"MCF\",\"potentialAction\":[{\"@type\":\"SearchAction\",\"target\":{\"@type\":\"EntryPoint\",\"urlTemplate\":\"https:\/\/www.mcfcorpfin.com\/de\/?s={search_term_string}\"},\"query-input\":{\"@type\":\"PropertyValueSpecification\",\"valueRequired\":true,\"valueName\":\"search_term_string\"}}],\"inLanguage\":\"de-DE\"},{\"@type\":\"Organization\",\"@id\":\"https:\/\/www.mcfcorpfin.com\/de\/#organization\",\"name\":\"MCF Corporate Finance\",\"url\":\"https:\/\/www.mcfcorpfin.com\/de\/\",\"logo\":{\"@type\":\"ImageObject\",\"inLanguage\":\"de-DE\",\"@id\":\"https:\/\/www.mcfcorpfin.com\/de\/#\/schema\/logo\/image\/\",\"url\":\"https:\/\/www.mcfcorpfin.com\/wp-content\/uploads\/favicon.svg\",\"contentUrl\":\"https:\/\/www.mcfcorpfin.com\/wp-content\/uploads\/favicon.svg\",\"width\":1,\"height\":1,\"caption\":\"MCF Corporate Finance\"},\"image\":{\"@id\":\"https:\/\/www.mcfcorpfin.com\/de\/#\/schema\/logo\/image\/\"},\"sameAs\":[\"https:\/\/www.linkedin.com\/company\/mcf-corporate-finance\/\"]}]}<\/script>\n<!-- \/ Yoast SEO Premium plugin. -->","yoast_head_json":{"title":"Services | MCF Corporate Finance","description":"Unsere Sektor-Teams pflegen einen regelm\u00e4\u00dfigen Austausch mit wichtigen Entscheidungstr\u00e4gern relevanter europ\u00e4ischer und amerikanischer strategischer K\u00e4ufer","robots":{"index":"index","follow":"follow","max-snippet":"max-snippet:-1","max-image-preview":"max-image-preview:large","max-video-preview":"max-video-preview:-1"},"canonical":"https:\/\/www.mcfcorpfin.com\/de\/services\/","og_locale":"de_DE","og_type":"article","og_title":"Services","og_description":"Unsere Sektor-Teams pflegen einen regelm\u00e4\u00dfigen Austausch mit wichtigen Entscheidungstr\u00e4gern relevanter europ\u00e4ischer und amerikanischer strategischer K\u00e4ufer","og_url":"https:\/\/www.mcfcorpfin.com\/de\/services\/","og_site_name":"MCF Corporate Finance","article_modified_time":"2025-01-24T12:48:22+00:00","twitter_card":"summary_large_image","twitter_misc":{"Gesch\u00e4tzte Lesezeit":"1 Minute"},"schema":{"@context":"https:\/\/schema.org","@graph":[{"@type":"WebPage","@id":"https:\/\/www.mcfcorpfin.com\/de\/services\/","url":"https:\/\/www.mcfcorpfin.com\/de\/services\/","name":"Services | MCF Corporate Finance","isPartOf":{"@id":"https:\/\/www.mcfcorpfin.com\/de\/#website"},"datePublished":"2023-08-03T11:14:35+00:00","dateModified":"2025-01-24T12:48:22+00:00","description":"Unsere Sektor-Teams pflegen einen regelm\u00e4\u00dfigen Austausch mit wichtigen Entscheidungstr\u00e4gern relevanter europ\u00e4ischer und amerikanischer strategischer K\u00e4ufer","breadcrumb":{"@id":"https:\/\/www.mcfcorpfin.com\/de\/services\/#breadcrumb"},"inLanguage":"de-DE","potentialAction":[{"@type":"ReadAction","target":["https:\/\/www.mcfcorpfin.com\/de\/services\/"]}]},{"@type":"BreadcrumbList","@id":"https:\/\/www.mcfcorpfin.com\/de\/services\/#breadcrumb","itemListElement":[{"@type":"ListItem","position":1,"name":"Home","item":"https:\/\/www.mcfcorpfin.com\/de\/"},{"@type":"ListItem","position":2,"name":"Services"}]},{"@type":"WebSite","@id":"https:\/\/www.mcfcorpfin.com\/de\/#website","url":"https:\/\/www.mcfcorpfin.com\/de\/","name":"MCF Corporate Finance","description":"Strategic M&amp;A and Debt Advisory tailored to your  company\u2019s journey","publisher":{"@id":"https:\/\/www.mcfcorpfin.com\/de\/#organization"},"alternateName":"MCF","potentialAction":[{"@type":"SearchAction","target":{"@type":"EntryPoint","urlTemplate":"https:\/\/www.mcfcorpfin.com\/de\/?s={search_term_string}"},"query-input":{"@type":"PropertyValueSpecification","valueRequired":true,"valueName":"search_term_string"}}],"inLanguage":"de-DE"},{"@type":"Organization","@id":"https:\/\/www.mcfcorpfin.com\/de\/#organization","name":"MCF Corporate Finance","url":"https:\/\/www.mcfcorpfin.com\/de\/","logo":{"@type":"ImageObject","inLanguage":"de-DE","@id":"https:\/\/www.mcfcorpfin.com\/de\/#\/schema\/logo\/image\/","url":"https:\/\/www.mcfcorpfin.com\/wp-content\/uploads\/favicon.svg","contentUrl":"https:\/\/www.mcfcorpfin.com\/wp-content\/uploads\/favicon.svg","width":1,"height":1,"caption":"MCF Corporate Finance"},"image":{"@id":"https:\/\/www.mcfcorpfin.com\/de\/#\/schema\/logo\/image\/"},"sameAs":["https:\/\/www.linkedin.com\/company\/mcf-corporate-finance\/"]}]}},"_links":{"self":[{"href":"https:\/\/www.mcfcorpfin.com\/de\/wp-json\/wp\/v2\/pages\/10173","targetHints":{"allow":["GET"]}}],"collection":[{"href":"https:\/\/www.mcfcorpfin.com\/de\/wp-json\/wp\/v2\/pages"}],"about":[{"href":"https:\/\/www.mcfcorpfin.com\/de\/wp-json\/wp\/v2\/types\/page"}],"author":[{"embeddable":true,"href":"https:\/\/www.mcfcorpfin.com\/de\/wp-json\/wp\/v2\/users\/1"}],"replies":[{"embeddable":true,"href":"https:\/\/www.mcfcorpfin.com\/de\/wp-json\/wp\/v2\/comments?post=10173"}],"version-history":[{"count":0,"href":"https:\/\/www.mcfcorpfin.com\/de\/wp-json\/wp\/v2\/pages\/10173\/revisions"}],"wp:attachment":[{"href":"https:\/\/www.mcfcorpfin.com\/de\/wp-json\/wp\/v2\/media?parent=10173"}],"curies":[{"name":"wp","href":"https:\/\/api.w.org\/{rel}","templated":true}]}}