{"id":10174,"date":"2023-07-20T11:58:02","date_gmt":"2023-07-20T09:58:02","guid":{"rendered":"https:\/\/www.mcfcorpfin.com\/?page_id=10174"},"modified":"2024-11-09T15:42:32","modified_gmt":"2024-11-09T14:42:32","slug":"sektoren","status":"publish","type":"page","link":"https:\/\/www.mcfcorpfin.com\/de\/sektoren\/","title":{"rendered":"Sektoren"},"content":{"rendered":"<h1>Sektoren<\/h1>\n<div>\n<p>Wir sind darauf spezialisiert, unseren Kunden in vier Kernsektoren ma\u00dfgeschneiderte M&amp;A- und Finanzierungssl\u00f6sungen anzubieten.<\/p>\n<\/div>\n<ul>\n<li>\n<div>4<\/div>\n<p>Kernbranchen<\/p>\n<\/li>\n<li>\n<div>80+<\/div>\n<p>Mitarbeiter<\/p>\n<\/li>\n<li>\n<div>1,200<\/div>\n<p>Transaktionen<\/p>\n<\/li>\n<li>\n<div>6<\/div>\n<p>B\u00fcros<\/p>\n<\/li>\n<\/ul>\n<h2>Unsere Sektoren<\/h2>\n<div>\n<\/div>\n<p><!--more--><br \/>\n<!-- {\"type\":\"layout\",\"children\":[{\"name\":\"Sectors\",\"type\":\"section\",\"props\":{\"animation\":\"fade\",\"animation_delay\":false,\"header_transparent_noplaceholder\":false,\"id\":\"sectors\",\"image_position\":\"center-center\",\"padding_remove_bottom\":false,\"padding_remove_top\":false,\"style\":\"default\",\"title_breakpoint\":\"xl\",\"title_position\":\"top-left\",\"title_rotation\":\"left\",\"vertical_align\":\"\",\"width\":\"large\"},\"children\":[{\"type\":\"row\",\"props\":{\"column_gap\":\"large\",\"divider\":false,\"layout\":\"1-2,1-2\",\"margin\":\"large\",\"margin_remove_bottom\":false,\"row_gap\":\"large\",\"vertical_align\":true},\"children\":[{\"type\":\"column\",\"props\":{\"image_position\":\"center-center\",\"position_sticky_breakpoint\":\"m\",\"width_medium\":\"1-2\"},\"children\":[{\"type\":\"headline\",\"props\":{\"content\":\"Sektoren\",\"margin\":\"medium\",\"margin_remove_top\":true,\"maxwidth\":\"large\",\"text_align_breakpoint\":\"m\",\"text_align_fallback\":\"center\",\"title_element\":\"h1\",\"title_style\":\"heading-small\"}},{\"type\":\"text\",\"props\":{\"column_breakpoint\":\"\",\"content\":\"\n\n<p>Wir sind darauf spezialisiert, unseren Kunden in vier Kernsektoren ma\\u00dfgeschneiderte M&amp;A- und Finanzierungssl\\u00f6sungen anzubieten.<\\\/p>\",\"margin\":\"medium\",\"maxwidth\":\"xlarge\"}}]},{\"type\":\"column\",\"props\":{\"image_position\":\"center-center\",\"position_sticky_breakpoint\":\"m\",\"width_medium\":\"1-2\"},\"children\":[{\"type\":\"grid\",\"props\":{\"content_column_breakpoint\":\"m\",\"filter_align\":\"left\",\"filter_all\":true,\"filter_grid_breakpoint\":\"m\",\"filter_grid_width\":\"auto\",\"filter_position\":\"top\",\"filter_style\":\"tab\",\"grid_default\":\"2\",\"grid_medium\":\"\",\"icon_width\":80,\"image_align\":\"top\",\"image_grid_breakpoint\":\"m\",\"image_grid_width\":\"1-2\",\"image_svg_color\":\"emphasis\",\"item_animation\":true,\"link_style\":\"default\",\"link_text\":\"Read more\",\"margin\":\"medium\",\"maxwidth\":\"xlarge\",\"meta_align\":\"below-title\",\"meta_color\":\"muted\",\"meta_element\":\"div\",\"meta_margin\":\"small\",\"meta_style\":\"\",\"parallax_easing\":\"1\",\"show_content\":true,\"show_image\":true,\"show_link\":true,\"show_meta\":true,\"show_title\":true,\"title_align\":\"top\",\"title_color\":\"primary\",\"title_element\":\"div\",\"title_grid_breakpoint\":\"m\",\"title_grid_width\":\"1-2\",\"title_hover_style\":\"reset\",\"title_style\":\"heading-small\"},\"children\":[{\"type\":\"grid_item\",\"props\":{\"meta\":\"Kernbranchen\",\"title\":\"4\"}},{\"type\":\"grid_item\",\"props\":{\"meta\":\"Mitarbeiter\",\"title\":\"80+\"}},{\"type\":\"grid_item\",\"props\":{\"meta\":\"Transaktionen\",\"title\":\"1,200\"}},{\"type\":\"grid_item\",\"props\":{\"meta\":\"B\\u00fcros\",\"title\":\"6\"}}]}]}]}]},{\"type\":\"section\",\"props\":{\"id\":\"industries\",\"image_position\":\"center-center\",\"preserve_color\":true,\"style\":\"secondary\",\"title_breakpoint\":\"xl\",\"title_position\":\"top-left\",\"title_rotation\":\"left\",\"vertical_align\":\"\",\"width\":\"large\"},\"children\":[{\"type\":\"row\",\"props\":{\"margin\":\"medium\"},\"children\":[{\"type\":\"column\",\"props\":{\"image_position\":\"center-center\",\"position_sticky_breakpoint\":\"m\"},\"children\":[{\"type\":\"headline\",\"props\":{\"content\":\"Unsere Sektoren\",\"title_element\":\"h2\",\"title_style\":\"h3\"}}]}]},{\"type\":\"row\",\"children\":[{\"type\":\"column\",\"props\":{\"image_position\":\"center-center\",\"position_sticky_breakpoint\":\"m\"},\"children\":[{\"type\":\"gallery\",\"props\":{\"class\":\"cstm-grid-sectors\",\"filter_align\":\"left\",\"filter_all\":true,\"filter_grid_breakpoint\":\"m\",\"filter_grid_width\":\"auto\",\"filter_position\":\"top\",\"filter_style\":\"tab\",\"grid_column_gap\":\"small\",\"grid_default\":\"1\",\"grid_large\":\"4\",\"grid_medium\":\"2\",\"grid_row_gap\":\"small\",\"grid_small\":\"2\",\"image_height\":\"800\",\"image_width\":\"600\",\"item_animation\":true,\"link_style\":\"default\",\"link_text\":\"\",\"margin\":\"default\",\"meta_align\":\"below-title\",\"meta_element\":\"div\",\"meta_style\":\"text-meta\",\"overlay_hover\":true,\"overlay_link\":true,\"overlay_mode\":\"cover\",\"overlay_position\":\"center\",\"overlay_style\":\"overlay-primary\",\"overlay_transition\":\"fade\",\"overlay_transition_background\":true,\"show_content\":true,\"show_hover_image\":true,\"show_hover_video\":true,\"show_link\":true,\"show_meta\":true,\"show_title\":true,\"text_align\":\"center\",\"text_color\":\"light\",\"title_element\":\"h3\",\"title_hover_style\":\"reset\"},\"children\":[{\"type\":\"gallery_item\",\"source\":{\"query\":{\"name\":\"sectorss.customSectorss\",\"arguments\":{\"users\":[],\"users_operator\":\"IN\",\"offset\":0,\"limit\":10,\"order\":\"title\",\"order_direction\":\"ASC\"}},\"props\":{\"image\":{\"filters\":{\"search\":\"\"},\"name\":\"featuredImage.url\"},\"title\":{\"filters\":{\"search\":\"\",\"after\":\" <span  class=\\\"uk-visible@s\\\" uk-icon=\\\"icon: chevron-right;ratio:1.5;\\\"><\\\/span>\"},\"name\":\"title\"},\"link\":{\"filters\":{\"search\":\"\"},\"name\":\"link\"}}}}]}]}],\"props\":{\"margin\":\"medium\"}}],\"name\":\"Industries\"}],\"version\":\"4.4.10\",\"yooessentialsVersion\":\"2.2.23\"} --><\/p>\n","protected":false},"excerpt":{"rendered":"<p>Sektoren Wir sind darauf spezialisiert, unseren Kunden in vier Kernsektoren ma\u00dfgeschneiderte M&amp;A- und Finanzierungssl\u00f6sungen anzubieten. 4 Kernbranchen 80+ Mitarbeiter 1,200 Transaktionen 6 B\u00fcros Unsere Sektoren<\/p>\n","protected":false},"author":1,"featured_media":0,"parent":0,"menu_order":0,"comment_status":"closed","ping_status":"closed","template":"","meta":{"_acf_changed":false,"footnotes":""},"class_list":["post-10174","page","type-page","status-publish","hentry"],"acf":[],"yoast_head":"<!-- This site is optimized with the Yoast SEO Premium plugin v26.9 (Yoast SEO v26.9) - https:\/\/yoast.com\/product\/yoast-seo-premium-wordpress\/ -->\n<title>Sektoren | MCF Corporate Finance<\/title>\n<meta name=\"robots\" content=\"index, follow, max-snippet:-1, max-image-preview:large, max-video-preview:-1\" \/>\n<link rel=\"canonical\" href=\"https:\/\/www.mcfcorpfin.com\/de\/sektoren\/\" \/>\n<meta property=\"og:locale\" content=\"de_DE\" \/>\n<meta property=\"og:type\" content=\"article\" \/>\n<meta property=\"og:title\" content=\"Sektoren\" \/>\n<meta property=\"og:description\" content=\"Sektoren Wir sind darauf spezialisiert, unseren Kunden in vier Kernsektoren ma\u00dfgeschneiderte M&amp;A- und Finanzierungssl\u00f6sungen anzubieten. 4 Kernbranchen 80+ Mitarbeiter 1,200 Transaktionen 6 B\u00fcros Unsere Sektoren\" \/>\n<meta property=\"og:url\" content=\"https:\/\/www.mcfcorpfin.com\/de\/sektoren\/\" \/>\n<meta property=\"og:site_name\" content=\"MCF Corporate Finance\" \/>\n<meta property=\"article:modified_time\" content=\"2024-11-09T14:42:32+00:00\" \/>\n<meta name=\"twitter:card\" content=\"summary_large_image\" \/>\n<script type=\"application\/ld+json\" class=\"yoast-schema-graph\">{\"@context\":\"https:\/\/schema.org\",\"@graph\":[{\"@type\":\"WebPage\",\"@id\":\"https:\/\/www.mcfcorpfin.com\/de\/sektoren\/\",\"url\":\"https:\/\/www.mcfcorpfin.com\/de\/sektoren\/\",\"name\":\"Sektoren | MCF Corporate Finance\",\"isPartOf\":{\"@id\":\"https:\/\/www.mcfcorpfin.com\/de\/#website\"},\"datePublished\":\"2023-07-20T09:58:02+00:00\",\"dateModified\":\"2024-11-09T14:42:32+00:00\",\"breadcrumb\":{\"@id\":\"https:\/\/www.mcfcorpfin.com\/de\/sektoren\/#breadcrumb\"},\"inLanguage\":\"de-DE\",\"potentialAction\":[{\"@type\":\"ReadAction\",\"target\":[\"https:\/\/www.mcfcorpfin.com\/de\/sektoren\/\"]}]},{\"@type\":\"BreadcrumbList\",\"@id\":\"https:\/\/www.mcfcorpfin.com\/de\/sektoren\/#breadcrumb\",\"itemListElement\":[{\"@type\":\"ListItem\",\"position\":1,\"name\":\"Home\",\"item\":\"https:\/\/www.mcfcorpfin.com\/de\/\"},{\"@type\":\"ListItem\",\"position\":2,\"name\":\"Sektoren\"}]},{\"@type\":\"WebSite\",\"@id\":\"https:\/\/www.mcfcorpfin.com\/de\/#website\",\"url\":\"https:\/\/www.mcfcorpfin.com\/de\/\",\"name\":\"MCF Corporate Finance\",\"description\":\"Strategic M&amp;A and Debt Advisory tailored to your  company\u2019s journey\",\"publisher\":{\"@id\":\"https:\/\/www.mcfcorpfin.com\/de\/#organization\"},\"alternateName\":\"MCF\",\"potentialAction\":[{\"@type\":\"SearchAction\",\"target\":{\"@type\":\"EntryPoint\",\"urlTemplate\":\"https:\/\/www.mcfcorpfin.com\/de\/?s={search_term_string}\"},\"query-input\":{\"@type\":\"PropertyValueSpecification\",\"valueRequired\":true,\"valueName\":\"search_term_string\"}}],\"inLanguage\":\"de-DE\"},{\"@type\":\"Organization\",\"@id\":\"https:\/\/www.mcfcorpfin.com\/de\/#organization\",\"name\":\"MCF Corporate Finance\",\"url\":\"https:\/\/www.mcfcorpfin.com\/de\/\",\"logo\":{\"@type\":\"ImageObject\",\"inLanguage\":\"de-DE\",\"@id\":\"https:\/\/www.mcfcorpfin.com\/de\/#\/schema\/logo\/image\/\",\"url\":\"https:\/\/www.mcfcorpfin.com\/wp-content\/uploads\/favicon.svg\",\"contentUrl\":\"https:\/\/www.mcfcorpfin.com\/wp-content\/uploads\/favicon.svg\",\"width\":1,\"height\":1,\"caption\":\"MCF Corporate Finance\"},\"image\":{\"@id\":\"https:\/\/www.mcfcorpfin.com\/de\/#\/schema\/logo\/image\/\"},\"sameAs\":[\"https:\/\/www.linkedin.com\/company\/mcf-corporate-finance\/\"]}]}<\/script>\n<!-- \/ Yoast SEO Premium plugin. -->","yoast_head_json":{"title":"Sektoren | MCF Corporate Finance","robots":{"index":"index","follow":"follow","max-snippet":"max-snippet:-1","max-image-preview":"max-image-preview:large","max-video-preview":"max-video-preview:-1"},"canonical":"https:\/\/www.mcfcorpfin.com\/de\/sektoren\/","og_locale":"de_DE","og_type":"article","og_title":"Sektoren","og_description":"Sektoren Wir sind darauf spezialisiert, unseren Kunden in vier Kernsektoren ma\u00dfgeschneiderte M&amp;A- und Finanzierungssl\u00f6sungen anzubieten. 4 Kernbranchen 80+ Mitarbeiter 1,200 Transaktionen 6 B\u00fcros Unsere Sektoren","og_url":"https:\/\/www.mcfcorpfin.com\/de\/sektoren\/","og_site_name":"MCF Corporate Finance","article_modified_time":"2024-11-09T14:42:32+00:00","twitter_card":"summary_large_image","schema":{"@context":"https:\/\/schema.org","@graph":[{"@type":"WebPage","@id":"https:\/\/www.mcfcorpfin.com\/de\/sektoren\/","url":"https:\/\/www.mcfcorpfin.com\/de\/sektoren\/","name":"Sektoren | MCF Corporate Finance","isPartOf":{"@id":"https:\/\/www.mcfcorpfin.com\/de\/#website"},"datePublished":"2023-07-20T09:58:02+00:00","dateModified":"2024-11-09T14:42:32+00:00","breadcrumb":{"@id":"https:\/\/www.mcfcorpfin.com\/de\/sektoren\/#breadcrumb"},"inLanguage":"de-DE","potentialAction":[{"@type":"ReadAction","target":["https:\/\/www.mcfcorpfin.com\/de\/sektoren\/"]}]},{"@type":"BreadcrumbList","@id":"https:\/\/www.mcfcorpfin.com\/de\/sektoren\/#breadcrumb","itemListElement":[{"@type":"ListItem","position":1,"name":"Home","item":"https:\/\/www.mcfcorpfin.com\/de\/"},{"@type":"ListItem","position":2,"name":"Sektoren"}]},{"@type":"WebSite","@id":"https:\/\/www.mcfcorpfin.com\/de\/#website","url":"https:\/\/www.mcfcorpfin.com\/de\/","name":"MCF Corporate Finance","description":"Strategic M&amp;A and Debt Advisory tailored to your  company\u2019s journey","publisher":{"@id":"https:\/\/www.mcfcorpfin.com\/de\/#organization"},"alternateName":"MCF","potentialAction":[{"@type":"SearchAction","target":{"@type":"EntryPoint","urlTemplate":"https:\/\/www.mcfcorpfin.com\/de\/?s={search_term_string}"},"query-input":{"@type":"PropertyValueSpecification","valueRequired":true,"valueName":"search_term_string"}}],"inLanguage":"de-DE"},{"@type":"Organization","@id":"https:\/\/www.mcfcorpfin.com\/de\/#organization","name":"MCF Corporate Finance","url":"https:\/\/www.mcfcorpfin.com\/de\/","logo":{"@type":"ImageObject","inLanguage":"de-DE","@id":"https:\/\/www.mcfcorpfin.com\/de\/#\/schema\/logo\/image\/","url":"https:\/\/www.mcfcorpfin.com\/wp-content\/uploads\/favicon.svg","contentUrl":"https:\/\/www.mcfcorpfin.com\/wp-content\/uploads\/favicon.svg","width":1,"height":1,"caption":"MCF Corporate Finance"},"image":{"@id":"https:\/\/www.mcfcorpfin.com\/de\/#\/schema\/logo\/image\/"},"sameAs":["https:\/\/www.linkedin.com\/company\/mcf-corporate-finance\/"]}]}},"_links":{"self":[{"href":"https:\/\/www.mcfcorpfin.com\/de\/wp-json\/wp\/v2\/pages\/10174","targetHints":{"allow":["GET"]}}],"collection":[{"href":"https:\/\/www.mcfcorpfin.com\/de\/wp-json\/wp\/v2\/pages"}],"about":[{"href":"https:\/\/www.mcfcorpfin.com\/de\/wp-json\/wp\/v2\/types\/page"}],"author":[{"embeddable":true,"href":"https:\/\/www.mcfcorpfin.com\/de\/wp-json\/wp\/v2\/users\/1"}],"replies":[{"embeddable":true,"href":"https:\/\/www.mcfcorpfin.com\/de\/wp-json\/wp\/v2\/comments?post=10174"}],"version-history":[{"count":0,"href":"https:\/\/www.mcfcorpfin.com\/de\/wp-json\/wp\/v2\/pages\/10174\/revisions"}],"wp:attachment":[{"href":"https:\/\/www.mcfcorpfin.com\/de\/wp-json\/wp\/v2\/media?parent=10174"}],"curies":[{"name":"wp","href":"https:\/\/api.w.org\/{rel}","templated":true}]}}